{"id":407,"date":"2024-01-12T04:06:32","date_gmt":"2024-01-12T04:06:32","guid":{"rendered":"https:\/\/theinternationalschools.com\/uae\/dubai\/?page_id=407"},"modified":"2024-01-12T04:06:32","modified_gmt":"2024-01-12T04:06:32","slug":"locations","status":"publish","type":"page","link":"https:\/\/theinternationalschools.com\/south-korea\/locations\/","title":{"rendered":"Locations"},"content":{"rendered":"<p>[et_pb_section fb_built=&#8221;1&#8243; _builder_version=&#8221;4.16&#8243; _module_preset=&#8221;default&#8221; background_color=&#8221;#0C71C3&#8243; custom_padding=&#8221;10px||10px||true|false&#8221; global_colors_info=&#8221;{}&#8221; theme_builder_area=&#8221;post_content&#8221;][et_pb_row _builder_version=&#8221;4.16&#8243; _module_preset=&#8221;default&#8221; global_colors_info=&#8221;{}&#8221; theme_builder_area=&#8221;post_content&#8221;][et_pb_column type=&#8221;4_4&#8243; _builder_version=&#8221;4.16&#8243; _module_preset=&#8221;default&#8221; global_colors_info=&#8221;{}&#8221; theme_builder_area=&#8221;post_content&#8221;][et_pb_text _builder_version=&#8221;4.17.3&#8243; _module_preset=&#8221;default&#8221; text_font=&#8221;Nothing You Could Do|700|||||||&#8221; text_text_color=&#8221;#FFFFFF&#8221; text_font_size=&#8221;4vw&#8221; text_line_height=&#8221;1.6em&#8221; text_font_size_tablet=&#8221;7vw&#8221; text_font_size_phone=&#8221;9vw&#8221; text_font_size_last_edited=&#8221;on|tablet&#8221; global_colors_info=&#8221;{}&#8221; theme_builder_area=&#8221;post_content&#8221;]<\/p>\n<p>Locations<\/p>\n<p>[\/et_pb_text][\/et_pb_column][\/et_pb_row][\/et_pb_section][et_pb_section fb_built=&#8221;1&#8243; _builder_version=&#8221;4.17.3&#8243; _module_preset=&#8221;default&#8221; custom_padding=&#8221;0px||0px||false|false&#8221; global_colors_info=&#8221;{}&#8221; theme_builder_area=&#8221;post_content&#8221;][et_pb_row _builder_version=&#8221;4.17.3&#8243; _module_preset=&#8221;default&#8221; width=&#8221;100%&#8221; max_width=&#8221;1920px&#8221; custom_padding=&#8221;0px||0px||false|false&#8221; global_colors_info=&#8221;{}&#8221; theme_builder_area=&#8221;post_content&#8221;][et_pb_column type=&#8221;4_4&#8243; _builder_version=&#8221;4.16&#8243; _module_preset=&#8221;default&#8221; global_colors_info=&#8221;{}&#8221; theme_builder_area=&#8221;post_content&#8221;][et_pb_code _builder_version=&#8221;4.17.3&#8243; _module_preset=&#8221;default&#8221; background_enable_color=&#8221;off&#8221; global_colors_info=&#8221;{}&#8221; theme_builder_area=&#8221;post_content&#8221;]<!-- [et_pb_line_break_holder] -->        <script src=\"https:\/\/maps.googleapis.com\/maps\/api\/js?key=AIzaSyD8Ro34KczkvSOmkvJM98wA6eesdahmRAw\"><\/script>\n<script type=\"text\/javascript\" src=\"https:\/\/theinternationalschools.com\/wp-content\/themes\/TIS\/location.js?ver=1.0.0\" id=\"google-map-js\"><\/script>\n\n<link href=\"https:\/\/cdnjs.cloudflare.com\/ajax\/libs\/selectize.js\/0.13.5\/css\/selectize.bootstrap5.css\" rel=\"stylesheet\" \/>\n<script src=\"https:\/\/cdnjs.cloudflare.com\/ajax\/libs\/selectize.js\/0.13.5\/js\/standalone\/selectize.min.js\" integrity=\"sha512-JFjt3Gb92wFay5Pu6b0UCH9JIOkOGEfjIi7yykNWUwj55DBBp79VIJ9EPUzNimZ6FvX41jlTHpWFUQjog8P\/sw==\" crossorigin=\"anonymous\" referrerpolicy=\"no-referrer\"><\/script>\n<script> jQuery(function($){ $('#selectschool, #select-region').selectize();   });<\/script>\n<style>.dshort { margin-bottom: 15px; display:flex; gap:20px;} .zonefilter{width:30%} .schoolfilter{width:70%;}\n.selectize-input { border-bottom: 1px solid #ced4da!important; border:0px; border-radius: 0!important; }\n@media only screen and (max-width: 600px) { .dshort { flex-wrap:wrap; } .zonefilter{width:100%;} .schoolfilter{width:100%;} }\n<\/style>\n\n        <div class=\"et_pb_row\"> \n        <div class=\"dshort\">\n             <select id=\"selectschool\" class=\"schoolfilter\" onchange=\"selectedMarker(this.value);\" >\n                <option value=\"\">Search by School<\/option>\n               \n                    <option value=\"ASIA PACIFIC INTERNATIONAL SCHOOL\">ASIA PACIFIC INTERNATIONAL SCHOOL<\/option><option value=\"ATHERTON INTERNATIONAL SCHOOL\">ATHERTON INTERNATIONAL SCHOOL<\/option><option value=\"BRANKSOME HALL ASIA\">BRANKSOME HALL ASIA<\/option><option value=\"BRITISH EDUCATION KOREA\">BRITISH EDUCATION KOREA<\/option><option value=\"BUSAN FOREIGN SCHOOL\">BUSAN FOREIGN SCHOOL<\/option><option value=\"CHADWICK INTERNATIONAL SCHOOL\">CHADWICK INTERNATIONAL SCHOOL<\/option><option value=\"DULWICH COLLEGE SEOUL\">DULWICH COLLEGE SEOUL<\/option><option value=\"DWIGHT SCHOOL SEOUL\">DWIGHT SCHOOL SEOUL<\/option><option value=\"FRENCH SCHOOL OF SEOUL (LYC\u00c9E FRAN\u00c7AIS DE S\u00c9OUL)\">FRENCH SCHOOL OF SEOUL (LYC\u00c9E FRAN\u00c7AIS DE S\u00c9OUL)<\/option><option value=\"INTERNATIONAL SCHOOL OF BUSAN\">INTERNATIONAL SCHOOL OF BUSAN<\/option><option value=\"KOREA FOREIGN SCHOOL\">KOREA FOREIGN SCHOOL<\/option><option value=\"KOREA INTERNATIONAL SCHOOL (PANGYO CAMPUS)\">KOREA INTERNATIONAL SCHOOL (PANGYO CAMPUS)<\/option><option value=\"NORTH LONDON COLLEGIATE SCHOOL JEJU\">NORTH LONDON COLLEGIATE SCHOOL JEJU<\/option><option value=\"SEOUL FOREIGN SCHOOL\">SEOUL FOREIGN SCHOOL<\/option><option value=\"ST. JOHNSBURY ACADEMY JEJU\">ST. JOHNSBURY ACADEMY JEJU<\/option><option value=\"TAEJON CHRISTIAN INTERNATIONAL SCHOOL\">TAEJON CHRISTIAN INTERNATIONAL SCHOOL<\/option><option value=\"YONGSAN INTERNATIONAL SCHOOL OF SEOUL\">YONGSAN INTERNATIONAL SCHOOL OF SEOUL<\/option>                        <\/select>\n            <select id=\"select-region\" class=\"zonefilter\" onchange=\"filterMarker(this.value);\" >\n                <option value=\"\">Sort by Zone<\/option>\n                <option \" value=\"north\" >North<\/option><option \" value=\"south\" >South<\/option><option \" value=\"east\" >East<\/option><option \" value=\"west\" >West<\/option><option \" value=\"central\" >Central<\/option>                   \n                        <\/select>\n                    \n            \t<\/div>\n            \t<div >Type to start searching school or select from list, use backspace to clear selection\t<\/div>\n            \n            \n        <\/div>\n<div class=\"et_pb_row\" style=\"width:100%; max-width:1920px; padding:0;\">\n<div class=\"map-container\"><div class=\"wrap\"><div class=\"acf-map\"> \n        \t<div class=\"marker\" data-zone=\"north\" data-name=\"ASIA PACIFIC INTERNATIONAL SCHOOL\" data-lat=\"37.631167\" data-lng=\"127.050238\">\n        \t    <div class=\"marker-detail\">\n    \t\t\t\t<div class=\"map-title\"><img decoding=\"async\" src=\"https:\/\/theinternationalschools.com\/south-korea\/wp-content\/uploads\/sites\/25\/2026\/02\/asia-pacific-international-school-APIS-seoul-logo-TISG-south-korea.jpg\" alt=\"Asia Pacific International School (APIS Seoul) | Logo | International School South Korea\" title=\"Asia Pacific International School (APIS Seoul) | Logo | International School South Korea\"><h4>ASIA PACIFIC INTERNATIONAL SCHOOL<\/h4>\n    \t\t\t\t<\/div>\n                    <div class=\"map-detail\">\n                        <div class=\"address\"><p> Asia Pacific International School Seoul<br \/>Wolgye-ro 45ga-gil <br \/>Seoul<br \/>South Korea<\/p> \n                        <\/div> \n                        <div style=\"display:flex\">\n                            <a onclick=\"gtag('event', 'click_to_call', { 'event_category' : 'Map Call Click', 'event_label' : 'Call Now' });\" title=\"Contact No. for ASIA PACIFIC INTERNATIONAL SCHOOL\" href=\"tel:\"><span class=\"map-icon\">&#xe090;<\/span><\/a>\n                            <a onclick=\"gtag('event', 'email_send', { 'event_category' : 'Map Send mail Click', 'event_label' : 'Send Mail' });\" title=\"Email of ASIA PACIFIC INTERNATIONAL SCHOOL\" href=\"mailto:\"><span class=\"map-icon\">&#xe010;<\/span><\/a>\n                        <\/div>\n                    <\/div>\n                    <div class=\"map-bottom\">    \t\t\t\t\t<a onclick=\"gtag('event', 'book_tour', { 'event_category' : 'Map Tour Book Click', 'event_label' : 'Book A School Tour' });\" target=\"_blank\" rel=\"nofollow\" href=\"https:\/\/theinternationalschools.com\/south-korea\/book\/?school_name=ASIA PACIFIC INTERNATIONAL SCHOOL&school_mail=\" title=\"Book Tour for ASIA PACIFIC INTERNATIONAL SCHOOL\"><img decoding=\"async\" class=\"map-link\" src=\"\/images\/book-tour.png\"><\/a>\n                        <a onclick=\"gtag('event', 'school_site_visit', { 'event_category' : 'Map Site Visit Click', 'event_label' : 'Visit Website' });\" target=\"_blank\" href=\"\" title=\"Visit Website of ASIA PACIFIC INTERNATIONAL SCHOOL\"><img decoding=\"async\" class=\"map-link\" src=\"\/images\/visit-site.png\"><\/a> \n                        <div style=\"display: flex;flex-direction: column;align-items: center;\"><b><\/b><a target=\"_blank\" href=\"https:\/\/theinternationalschools.com\/south-korea\/school\/asia-pacific-international-school\/\/#review\" title=\"Reviews and Rating for ASIA PACIFIC INTERNATIONAL SCHOOL\"><img decoding=\"async\" class=\"map-link\" src=\"\/images\/user-rating.png\"><\/a><\/div> \n    \t\t\t\t    <a title=\"Check ASIA PACIFIC INTERNATIONAL SCHOOL\" href=\"https:\/\/theinternationalschools.com\/south-korea\/school\/asia-pacific-international-school\/\"> <img decoding=\"async\" class=\"map-link\" src=\"\/images\/read-more.png\"><\/a> \n    \t\t\t\t<\/div>\n\t\t\t\t<\/div>\n\t\t\t<\/div>\n\t\t\t        \t<div class=\"marker\" data-zone=\"south\" data-name=\"NORTH LONDON COLLEGIATE SCHOOL JEJU\" data-lat=\"33.296926\" data-lng=\"126.288322\">\n        \t    <div class=\"marker-detail\">\n    \t\t\t\t<div class=\"map-title\"><img decoding=\"async\" src=\"https:\/\/theinternationalschools.com\/south-korea\/wp-content\/uploads\/sites\/25\/2026\/04\/north-london-collegiate-school-nlcs-jeju-logo-TISG-south-korea.png\" alt=\"North London Collegiate School (NLCS Jeju) | Logo | International School South Korea\" title=\"North London Collegiate School (NLCS Jeju) | Logo | International School South Korea\"><h4>NORTH LONDON COLLEGIATE SCHOOL JEJU<\/h4>\n    \t\t\t\t<\/div>\n                    <div class=\"map-detail\">\n                        <div class=\"address\"><p> North London Collegiate School Jeju<br \/>Zip <br \/>Seogwipo-si<br \/>Jeju-do<br \/>South Korea<\/p> \n                        <\/div> \n                        <div style=\"display:flex\">\n                            <a onclick=\"gtag('event', 'click_to_call', { 'event_category' : 'Map Call Click', 'event_label' : 'Call Now' });\" title=\"Contact No. for NORTH LONDON COLLEGIATE SCHOOL JEJU\" href=\"tel:\"><span class=\"map-icon\">&#xe090;<\/span><\/a>\n                            <a onclick=\"gtag('event', 'email_send', { 'event_category' : 'Map Send mail Click', 'event_label' : 'Send Mail' });\" title=\"Email of NORTH LONDON COLLEGIATE SCHOOL JEJU\" href=\"mailto:\"><span class=\"map-icon\">&#xe010;<\/span><\/a>\n                        <\/div>\n                    <\/div>\n                    <div class=\"map-bottom\">    \t\t\t\t\t<a onclick=\"gtag('event', 'book_tour', { 'event_category' : 'Map Tour Book Click', 'event_label' : 'Book A School Tour' });\" target=\"_blank\" rel=\"nofollow\" href=\"https:\/\/theinternationalschools.com\/south-korea\/book\/?school_name=NORTH LONDON COLLEGIATE SCHOOL JEJU&school_mail=\" title=\"Book Tour for NORTH LONDON COLLEGIATE SCHOOL JEJU\"><img decoding=\"async\" class=\"map-link\" src=\"\/images\/book-tour.png\"><\/a>\n                        <a onclick=\"gtag('event', 'school_site_visit', { 'event_category' : 'Map Site Visit Click', 'event_label' : 'Visit Website' });\" target=\"_blank\" href=\"\" title=\"Visit Website of NORTH LONDON COLLEGIATE SCHOOL JEJU\"><img decoding=\"async\" class=\"map-link\" src=\"\/images\/visit-site.png\"><\/a> \n                        <div style=\"display: flex;flex-direction: column;align-items: center;\"><b><\/b><a target=\"_blank\" href=\"https:\/\/theinternationalschools.com\/south-korea\/school\/north-london-collegiate-school-nlcs-jeju\/\/#review\" title=\"Reviews and Rating for NORTH LONDON COLLEGIATE SCHOOL JEJU\"><img decoding=\"async\" class=\"map-link\" src=\"\/images\/user-rating.png\"><\/a><\/div> \n    \t\t\t\t    <a title=\"Check NORTH LONDON COLLEGIATE SCHOOL JEJU\" href=\"https:\/\/theinternationalschools.com\/south-korea\/school\/north-london-collegiate-school-nlcs-jeju\/\"> <img decoding=\"async\" class=\"map-link\" src=\"\/images\/read-more.png\"><\/a> \n    \t\t\t\t<\/div>\n\t\t\t\t<\/div>\n\t\t\t<\/div>\n\t\t\t<\/div><\/div><\/div>        [\/et_pb_code][\/et_pb_column][\/et_pb_row][\/et_pb_section]<\/p>\n","protected":false},"excerpt":{"rendered":"<p>[et_pb_section fb_built=&#8221;1&#8243; _builder_version=&#8221;4.16&#8243; _module_preset=&#8221;default&#8221; background_color=&#8221;#0C71C3&#8243; custom_padding=&#8221;10px||10px||true|false&#8221; global_colors_info=&#8221;{}&#8221; theme_builder_area=&#8221;post_content&#8221;][et_pb_row _builder_version=&#8221;4.16&#8243; _module_preset=&#8221;default&#8221; global_colors_info=&#8221;{}&#8221; theme_builder_area=&#8221;post_content&#8221;][et_pb_column type=&#8221;4_4&#8243; _builder_version=&#8221;4.16&#8243; _module_preset=&#8221;default&#8221; global_colors_info=&#8221;{}&#8221; theme_builder_area=&#8221;post_content&#8221;][et_pb_text _builder_version=&#8221;4.17.3&#8243; _module_preset=&#8221;default&#8221; text_font=&#8221;Nothing You Could Do|700|||||||&#8221; text_text_color=&#8221;#FFFFFF&#8221; text_font_size=&#8221;4vw&#8221; text_line_height=&#8221;1.6em&#8221; text_font_size_tablet=&#8221;7vw&#8221; text_font_size_phone=&#8221;9vw&#8221; text_font_size_last_edited=&#8221;on|tablet&#8221; global_colors_info=&#8221;{}&#8221; theme_builder_area=&#8221;post_content&#8221;] Locations [\/et_pb_text][\/et_pb_column][\/et_pb_row][\/et_pb_section][et_pb_section fb_built=&#8221;1&#8243; _builder_version=&#8221;4.17.3&#8243; _module_preset=&#8221;default&#8221; custom_padding=&#8221;0px||0px||false|false&#8221; global_colors_info=&#8221;{}&#8221; theme_builder_area=&#8221;post_content&#8221;][et_pb_row _builder_version=&#8221;4.17.3&#8243; _module_preset=&#8221;default&#8221; width=&#8221;100%&#8221; max_width=&#8221;1920px&#8221; custom_padding=&#8221;0px||0px||false|false&#8221; global_colors_info=&#8221;{}&#8221; theme_builder_area=&#8221;post_content&#8221;][et_pb_column type=&#8221;4_4&#8243; _builder_version=&#8221;4.16&#8243; _module_preset=&#8221;default&#8221; global_colors_info=&#8221;{}&#8221; theme_builder_area=&#8221;post_content&#8221;][et_pb_code _builder_version=&#8221;4.17.3&#8243; _module_preset=&#8221;default&#8221; background_enable_color=&#8221;off&#8221; global_colors_info=&#8221;{}&#8221; [&hellip;]<\/p>\n","protected":false},"author":283,"featured_media":0,"parent":0,"menu_order":0,"comment_status":"closed","ping_status":"closed","template":"","meta":{"_et_pb_use_builder":"on","_et_pb_old_content":"","_et_gb_content_width":"","footnotes":""},"class_list":["post-407","page","type-page","status-publish","hentry"],"acf":[],"yoast_head":"<!-- This site is optimized with the Yoast SEO Premium plugin v21.8 (Yoast SEO v21.8) - https:\/\/yoast.com\/wordpress\/plugins\/seo\/ -->\n<title>Locations - The International School South Korea<\/title>\n<meta name=\"robots\" content=\"index, follow, max-snippet:-1, max-image-preview:large, max-video-preview:-1\" \/>\n<link rel=\"canonical\" href=\"https:\/\/theinternationalschools.com\/south-korea\/locations\/\" \/>\n<meta property=\"og:locale\" content=\"en_US\" \/>\n<meta property=\"og:type\" content=\"article\" \/>\n<meta property=\"og:title\" content=\"Locations\" \/>\n<meta property=\"og:description\" content=\"[et_pb_section fb_built=&#8221;1&#8243; _builder_version=&#8221;4.16&#8243; _module_preset=&#8221;default&#8221; background_color=&#8221;#0C71C3&#8243; custom_padding=&#8221;10px||10px||true|false&#8221; global_colors_info=&#8221;{}&#8221; theme_builder_area=&#8221;post_content&#8221;][et_pb_row _builder_version=&#8221;4.16&#8243; _module_preset=&#8221;default&#8221; global_colors_info=&#8221;{}&#8221; theme_builder_area=&#8221;post_content&#8221;][et_pb_column type=&#8221;4_4&#8243; _builder_version=&#8221;4.16&#8243; _module_preset=&#8221;default&#8221; global_colors_info=&#8221;{}&#8221; theme_builder_area=&#8221;post_content&#8221;][et_pb_text _builder_version=&#8221;4.17.3&#8243; _module_preset=&#8221;default&#8221; text_font=&#8221;Nothing You Could Do|700|||||||&#8221; text_text_color=&#8221;#FFFFFF&#8221; text_font_size=&#8221;4vw&#8221; text_line_height=&#8221;1.6em&#8221; text_font_size_tablet=&#8221;7vw&#8221; text_font_size_phone=&#8221;9vw&#8221; text_font_size_last_edited=&#8221;on|tablet&#8221; global_colors_info=&#8221;{}&#8221; theme_builder_area=&#8221;post_content&#8221;] Locations [\/et_pb_text][\/et_pb_column][\/et_pb_row][\/et_pb_section][et_pb_section fb_built=&#8221;1&#8243; _builder_version=&#8221;4.17.3&#8243; _module_preset=&#8221;default&#8221; custom_padding=&#8221;0px||0px||false|false&#8221; global_colors_info=&#8221;{}&#8221; theme_builder_area=&#8221;post_content&#8221;][et_pb_row _builder_version=&#8221;4.17.3&#8243; _module_preset=&#8221;default&#8221; width=&#8221;100%&#8221; max_width=&#8221;1920px&#8221; custom_padding=&#8221;0px||0px||false|false&#8221; global_colors_info=&#8221;{}&#8221; theme_builder_area=&#8221;post_content&#8221;][et_pb_column type=&#8221;4_4&#8243; _builder_version=&#8221;4.16&#8243; _module_preset=&#8221;default&#8221; global_colors_info=&#8221;{}&#8221; theme_builder_area=&#8221;post_content&#8221;][et_pb_code _builder_version=&#8221;4.17.3&#8243; _module_preset=&#8221;default&#8221; background_enable_color=&#8221;off&#8221; global_colors_info=&#8221;{}&#8221; [&hellip;]\" \/>\n<meta property=\"og:url\" content=\"https:\/\/theinternationalschools.com\/south-korea\/locations\/\" \/>\n<meta property=\"og:site_name\" content=\"The International School South Korea\" \/>\n<meta name=\"twitter:card\" content=\"summary_large_image\" \/>\n<script type=\"application\/ld+json\" class=\"yoast-schema-graph\">{\"@context\":\"https:\/\/schema.org\",\"@graph\":[{\"@type\":\"WebPage\",\"@id\":\"https:\/\/theinternationalschools.com\/south-korea\/locations\/\",\"url\":\"https:\/\/theinternationalschools.com\/south-korea\/locations\/\",\"name\":\"Locations - The International School South Korea\",\"isPartOf\":{\"@id\":\"https:\/\/theinternationalschools.com\/south-korea\/#website\"},\"datePublished\":\"2024-01-12T04:06:32+00:00\",\"dateModified\":\"2024-01-12T04:06:32+00:00\",\"breadcrumb\":{\"@id\":\"https:\/\/theinternationalschools.com\/south-korea\/locations\/#breadcrumb\"},\"inLanguage\":\"en-US\",\"potentialAction\":[{\"@type\":\"ReadAction\",\"target\":[\"https:\/\/theinternationalschools.com\/south-korea\/locations\/\"]}]},{\"@type\":\"BreadcrumbList\",\"@id\":\"https:\/\/theinternationalschools.com\/south-korea\/locations\/#breadcrumb\",\"itemListElement\":[{\"@type\":\"ListItem\",\"position\":1,\"name\":\"Home\",\"item\":\"https:\/\/theinternationalschools.com\/south-korea\/\"},{\"@type\":\"ListItem\",\"position\":2,\"name\":\"Locations\"}]},{\"@type\":\"WebSite\",\"@id\":\"https:\/\/theinternationalschools.com\/south-korea\/#website\",\"url\":\"https:\/\/theinternationalschools.com\/south-korea\/\",\"name\":\"The International School South Korea\",\"description\":\"\",\"potentialAction\":[{\"@type\":\"SearchAction\",\"target\":{\"@type\":\"EntryPoint\",\"urlTemplate\":\"https:\/\/theinternationalschools.com\/south-korea\/?s={search_term_string}\"},\"query-input\":\"required name=search_term_string\"}],\"inLanguage\":\"en-US\"}]}<\/script>\n<!-- \/ Yoast SEO Premium plugin. -->","yoast_head_json":{"title":"Locations - The International School South Korea","robots":{"index":"index","follow":"follow","max-snippet":"max-snippet:-1","max-image-preview":"max-image-preview:large","max-video-preview":"max-video-preview:-1"},"canonical":"https:\/\/theinternationalschools.com\/south-korea\/locations\/","og_locale":"en_US","og_type":"article","og_title":"Locations","og_description":"[et_pb_section fb_built=&#8221;1&#8243; _builder_version=&#8221;4.16&#8243; _module_preset=&#8221;default&#8221; background_color=&#8221;#0C71C3&#8243; custom_padding=&#8221;10px||10px||true|false&#8221; global_colors_info=&#8221;{}&#8221; theme_builder_area=&#8221;post_content&#8221;][et_pb_row _builder_version=&#8221;4.16&#8243; _module_preset=&#8221;default&#8221; global_colors_info=&#8221;{}&#8221; theme_builder_area=&#8221;post_content&#8221;][et_pb_column type=&#8221;4_4&#8243; _builder_version=&#8221;4.16&#8243; _module_preset=&#8221;default&#8221; global_colors_info=&#8221;{}&#8221; theme_builder_area=&#8221;post_content&#8221;][et_pb_text _builder_version=&#8221;4.17.3&#8243; _module_preset=&#8221;default&#8221; text_font=&#8221;Nothing You Could Do|700|||||||&#8221; text_text_color=&#8221;#FFFFFF&#8221; text_font_size=&#8221;4vw&#8221; text_line_height=&#8221;1.6em&#8221; text_font_size_tablet=&#8221;7vw&#8221; text_font_size_phone=&#8221;9vw&#8221; text_font_size_last_edited=&#8221;on|tablet&#8221; global_colors_info=&#8221;{}&#8221; theme_builder_area=&#8221;post_content&#8221;] Locations [\/et_pb_text][\/et_pb_column][\/et_pb_row][\/et_pb_section][et_pb_section fb_built=&#8221;1&#8243; _builder_version=&#8221;4.17.3&#8243; _module_preset=&#8221;default&#8221; custom_padding=&#8221;0px||0px||false|false&#8221; global_colors_info=&#8221;{}&#8221; theme_builder_area=&#8221;post_content&#8221;][et_pb_row _builder_version=&#8221;4.17.3&#8243; _module_preset=&#8221;default&#8221; width=&#8221;100%&#8221; max_width=&#8221;1920px&#8221; custom_padding=&#8221;0px||0px||false|false&#8221; global_colors_info=&#8221;{}&#8221; theme_builder_area=&#8221;post_content&#8221;][et_pb_column type=&#8221;4_4&#8243; _builder_version=&#8221;4.16&#8243; _module_preset=&#8221;default&#8221; global_colors_info=&#8221;{}&#8221; theme_builder_area=&#8221;post_content&#8221;][et_pb_code _builder_version=&#8221;4.17.3&#8243; _module_preset=&#8221;default&#8221; background_enable_color=&#8221;off&#8221; global_colors_info=&#8221;{}&#8221; [&hellip;]","og_url":"https:\/\/theinternationalschools.com\/south-korea\/locations\/","og_site_name":"The International School South Korea","twitter_card":"summary_large_image","schema":{"@context":"https:\/\/schema.org","@graph":[{"@type":"WebPage","@id":"https:\/\/theinternationalschools.com\/south-korea\/locations\/","url":"https:\/\/theinternationalschools.com\/south-korea\/locations\/","name":"Locations - The International School South Korea","isPartOf":{"@id":"https:\/\/theinternationalschools.com\/south-korea\/#website"},"datePublished":"2024-01-12T04:06:32+00:00","dateModified":"2024-01-12T04:06:32+00:00","breadcrumb":{"@id":"https:\/\/theinternationalschools.com\/south-korea\/locations\/#breadcrumb"},"inLanguage":"en-US","potentialAction":[{"@type":"ReadAction","target":["https:\/\/theinternationalschools.com\/south-korea\/locations\/"]}]},{"@type":"BreadcrumbList","@id":"https:\/\/theinternationalschools.com\/south-korea\/locations\/#breadcrumb","itemListElement":[{"@type":"ListItem","position":1,"name":"Home","item":"https:\/\/theinternationalschools.com\/south-korea\/"},{"@type":"ListItem","position":2,"name":"Locations"}]},{"@type":"WebSite","@id":"https:\/\/theinternationalschools.com\/south-korea\/#website","url":"https:\/\/theinternationalschools.com\/south-korea\/","name":"The International School South Korea","description":"","potentialAction":[{"@type":"SearchAction","target":{"@type":"EntryPoint","urlTemplate":"https:\/\/theinternationalschools.com\/south-korea\/?s={search_term_string}"},"query-input":"required name=search_term_string"}],"inLanguage":"en-US"}]}},"_links":{"self":[{"href":"https:\/\/theinternationalschools.com\/south-korea\/wp-json\/wp\/v2\/pages\/407","targetHints":{"allow":["GET"]}}],"collection":[{"href":"https:\/\/theinternationalschools.com\/south-korea\/wp-json\/wp\/v2\/pages"}],"about":[{"href":"https:\/\/theinternationalschools.com\/south-korea\/wp-json\/wp\/v2\/types\/page"}],"author":[{"embeddable":true,"href":"https:\/\/theinternationalschools.com\/south-korea\/wp-json\/wp\/v2\/users\/283"}],"replies":[{"embeddable":true,"href":"https:\/\/theinternationalschools.com\/south-korea\/wp-json\/wp\/v2\/comments?post=407"}],"version-history":[{"count":0,"href":"https:\/\/theinternationalschools.com\/south-korea\/wp-json\/wp\/v2\/pages\/407\/revisions"}],"wp:attachment":[{"href":"https:\/\/theinternationalschools.com\/south-korea\/wp-json\/wp\/v2\/media?parent=407"}],"curies":[{"name":"wp","href":"https:\/\/api.w.org\/{rel}","templated":true}]}}