{"id":1302,"date":"2026-02-09T10:46:27","date_gmt":"2026-02-09T10:46:27","guid":{"rendered":"https:\/\/theinternationalschools.com\/south-korea\/?page_id=1302"},"modified":"2026-04-29T12:11:00","modified_gmt":"2026-04-29T12:11:00","slug":"academic-calendar-2026-2027","status":"publish","type":"page","link":"https:\/\/theinternationalschools.com\/south-korea\/academic-calendar-2026-2027\/","title":{"rendered":"Academic Calendar 2026 &#8211; 2027"},"content":{"rendered":"<p>[et_pb_section fb_built=&#8221;1&#8243; _builder_version=&#8221;4.23.4&#8243; _module_preset=&#8221;default&#8221; background_color=&#8221;rgba(0,0,0,0.41)&#8221; background_enable_image=&#8221;off&#8221; background_blend=&#8221;multiply&#8221; custom_padding=&#8221;||195px|||&#8221; global_colors_info=&#8221;{}&#8221;][et_pb_row _builder_version=&#8221;4.23.4&#8243; _module_preset=&#8221;default&#8221; background_enable_image=&#8221;off&#8221; global_colors_info=&#8221;{}&#8221;][et_pb_column type=&#8221;4_4&#8243; _builder_version=&#8221;4.16&#8243; _module_preset=&#8221;default&#8221; global_colors_info=&#8221;{}&#8221;][et_pb_text _builder_version=&#8221;4.23.4&#8243; _module_preset=&#8221;default&#8221; text_font=&#8221;Nothing You Could Do||||||||&#8221; text_text_color=&#8221;#66CCFF&#8221; text_font_size=&#8221;4vw&#8221; text_line_height=&#8221;1.5em&#8221; header_3_font=&#8221;Nothing You Could Do|700|||||||&#8221; header_3_text_color=&#8221;#037BE5&#8243; header_3_font_size=&#8221;3vw&#8221; custom_margin=&#8221;||11px|||&#8221; global_colors_info=&#8221;{}&#8221;]<\/p>\n<p>Academic Calendars: International Schools In South Korea<\/p>\n<p>[\/et_pb_text][et_pb_text _builder_version=&#8221;4.23.4&#8243; _module_preset=&#8221;default&#8221; text_font=&#8221;Raleway|700||on|||||&#8221; text_text_color=&#8221;rgba(255,255,255,0.77)&#8221; text_font_size=&#8221;6vw&#8221; text_line_height=&#8221;1.2em&#8221; header_3_font=&#8221;Nothing You Could Do|700|||||||&#8221; header_3_text_color=&#8221;#037BE5&#8243; header_3_font_size=&#8221;3vw&#8221; global_colors_info=&#8221;{}&#8221;]<\/p>\n<p>2026 &#8211; 2027<\/p>\n<p>[\/et_pb_text][\/et_pb_column][\/et_pb_row][\/et_pb_section][et_pb_section fb_built=&#8221;1&#8243; _builder_version=&#8221;4.16&#8243; _module_preset=&#8221;default&#8221; background_enable_color=&#8221;off&#8221; custom_padding=&#8221;3px|||||&#8221; global_colors_info=&#8221;{}&#8221;][et_pb_row _builder_version=&#8221;4.16&#8243; _module_preset=&#8221;default&#8221; background_color=&#8221;#FFFFFF&#8221; transform_translate=&#8221;0px|-117px&#8221; custom_padding=&#8221;|3%||3%|false|true&#8221; box_shadow_style=&#8221;preset1&#8243; global_colors_info=&#8221;{}&#8221;][et_pb_column type=&#8221;4_4&#8243; _builder_version=&#8221;4.16&#8243; _module_preset=&#8221;default&#8221; global_colors_info=&#8221;{}&#8221;][et_pb_text _builder_version=&#8221;4.23.4&#8243; _module_preset=&#8221;default&#8221; text_font=&#8221;Raleway||||||||&#8221; text_font_size=&#8221;16px&#8221; text_letter_spacing=&#8221;1px&#8221; text_line_height=&#8221;1.8em&#8221; hover_enabled=&#8221;0&#8243; global_colors_info=&#8221;{}&#8221; sticky_enabled=&#8221;0&#8243;]<\/p>\n<p>Explore the complete list of <strong>Academic Calendars <\/strong><strong>2026 &#8211; 2027 <\/strong>for international schools in South Korea. Find term dates, school holidays, and key academic schedules to help you plan ahead. Download the full calendar guide below.<\/p>\n<p><strong>TOP FEATURED SCHOOLS:<\/strong><\/p>\n<p><b>NORTH LONDON COLLEGIATE SCHOOL JEJU<br \/><\/b>(<a href=\"https:\/\/theinternationalschools.com\/south-korea\/wp-content\/uploads\/sites\/25\/2026\/02\/north-london-collegiate-school-jeju-NLCS-academic-calendar-2026-2027-TISG-south-korea.pdf\">2026 &#8211; 2027 Academic Calendar<\/a>)<\/p>\n<p><b>SEOUL FOREIGN SCHOOL<br \/><\/b>(<a href=\"https:\/\/theinternationalschools.com\/south-korea\/wp-content\/uploads\/sites\/25\/2026\/04\/seoul-foreign-school-SFS-academic-calendar-2026-2027-TISG-south-korea.pdf\">2026 &#8211; 2027 Academic Calendar<\/a>)<\/p>\n<p><b>TAEJON CHRISTIAN INTERNATIONAL SCHOOL<br \/><\/b>(<a href=\"https:\/\/theinternationalschools.com\/south-korea\/wp-content\/uploads\/sites\/25\/2026\/04\/taejon-christian-international-school-TCIS-academic-calendar-2026-2027-TISG-south-korea.pdf\">2026 &#8211; 2027 Academic Calendar<\/a>)<\/p>\n<p><b>BRANKSOME HALL ASIA<br \/><\/b>(<a href=\"https:\/\/theinternationalschools.com\/south-korea\/wp-content\/uploads\/sites\/25\/2026\/04\/branksome-hall-asia-BHA-academic-calendar-2026-2027-TISG-south-korea.pdf\">2026 &#8211; 2027 Academic Calendar<\/a>)<\/p>\n<p>&nbsp;<\/p>\n<p>Schools Alphabetically Listed:<\/p>\n<p><b>ASIA PACIFIC INTERNATIONAL SCHOOL (APIS)<br \/><\/b>(2026 &#8211; 2027 Academic Calendar) <em>Coming Soon<\/em><\/p>\n<p><b>ATHERTON INTERNATIONAL SCHOOL<br \/><\/b>(<a href=\"https:\/\/theinternationalschools.com\/south-korea\/wp-content\/uploads\/sites\/25\/2026\/04\/atherton-international-school-AIS-academic-calendar-2026-2027-TISG-south-korea.pdf\">2026 &#8211; 2027 Academic Calendar<\/a>)<\/p>\n<p><b>BRANKSOME HALL ASIA<br \/><\/b>(<a href=\"https:\/\/theinternationalschools.com\/south-korea\/wp-content\/uploads\/sites\/25\/2026\/04\/branksome-hall-asia-BHA-academic-calendar-2026-2027-TISG-south-korea.pdf\">2026 &#8211; 2027 Academic Calendar<\/a>)<\/p>\n<p><b>BRITISH EDUCATION KOREA<br \/><\/b>(2026 &#8211; 2027 Academic Calendar) <em>Coming Soon<\/em><\/p>\n<p><b>BUSAN FOREIGN SCHOOL<br \/><\/b>(<a href=\"https:\/\/theinternationalschools.com\/south-korea\/wp-content\/uploads\/sites\/25\/2026\/04\/busan-foreign-school-BFS-academic-calendar-2026-2027-TISG-south-korea.pdf\">2026 &#8211; 2027 Academic Calendar<\/a>)<\/p>\n<p><b>CHADWICK INTERNATIONAL SCHOOL<br \/><\/b>(2026 &#8211; 2027 Academic Calendar)<\/p>\n<p><b>DULWICH COLLEGE SEOUL<br \/><\/b>(<a href=\"https:\/\/theinternationalschools.com\/south-korea\/wp-content\/uploads\/sites\/25\/2026\/04\/dulwich-college-seoul-academic-calendar-2026-2027-TISG-south-korea.pdf\">2026 &#8211; 2027 Academic Calendar<\/a>)<\/p>\n<p><b>DWIGHT SCHOOL SEOUL<br \/><\/b>(<a href=\"https:\/\/theinternationalschools.com\/south-korea\/wp-content\/uploads\/sites\/25\/2026\/04\/dwight-school-seoul-academic-calendar-2026-2027-TISG-south-korea.pdf\">2026 &#8211; 2027 Academic Calendar<\/a>)<\/p>\n<p><b>FRENCH SCHOOL OF SEOUL (LYC\u00c9E FRAN\u00c7AIS DE S\u00c9OUL)<br \/><\/b>(2026 &#8211; 2027 Academic Calendar) <em>Coming Soon<\/em><\/p>\n<p><b>INTERNATIONAL SCHOOL OF BUSAN<br \/><\/b>(<a href=\"https:\/\/theinternationalschools.com\/south-korea\/wp-content\/uploads\/sites\/25\/2026\/04\/international-school-of-busan-ISB-academic-calendar-2026-2027-TISG-south-korea.pdf\">2026 &#8211; 2027 Academic Calendar<\/a>)<\/p>\n<p><b>KOREA FOREIGN SCHOOL<br \/><\/b>(2026 &#8211; 2027 Academic Calendar)\u00a0<\/p>\n<p><b>KOREA INTERNATIONAL SCHOOL (PANGYO CAMPUS)<br \/><\/b>(2026 &#8211; 2027 Academic Calendar) <em>Coming Soon<\/em><\/p>\n<p><b>NORTH LONDON COLLEGIATE SCHOOL JEJU<br \/><\/b>(<a href=\"https:\/\/theinternationalschools.com\/south-korea\/wp-content\/uploads\/sites\/25\/2026\/02\/north-london-collegiate-school-jeju-NLCS-academic-calendar-2026-2027-TISG-south-korea.pdf\">2026 &#8211; 2027 Academic Calendar<\/a>)<\/p>\n<p><b>SEOUL FOREIGN SCHOOL<br \/><\/b>(<a href=\"https:\/\/theinternationalschools.com\/south-korea\/wp-content\/uploads\/sites\/25\/2026\/04\/seoul-foreign-school-SFS-academic-calendar-2026-2027-TISG-south-korea.pdf\">2026 &#8211; 2027 Academic Calendar<\/a>)<\/p>\n<p><b>SEOUL INTERNATIONAL SCHOOL<br \/><\/b>(2026 &#8211; 2027 Academic Calendar) <em>Coming Soon<\/em><\/p>\n<p><b>ST. JOHNSBURY ACADEMY JEJU<br \/><\/b>(<a href=\"https:\/\/theinternationalschools.com\/south-korea\/wp-content\/uploads\/sites\/25\/2026\/04\/st-johnsbury-academy-SJA-jeju-academic-calendar-2026-2027-TISG-south-korea.pdf\">2026 &#8211; 2027 Academic Calendar<\/a>)<\/p>\n<p><b>TAEJON CHRISTIAN INTERNATIONAL SCHOOL<br \/><\/b>(<a href=\"https:\/\/theinternationalschools.com\/south-korea\/wp-content\/uploads\/sites\/25\/2026\/04\/taejon-christian-international-school-TCIS-academic-calendar-2026-2027-TISG-south-korea.pdf\">2026 &#8211; 2027 Academic Calendar<\/a>)<\/p>\n<p><b>YONGSAN INTERNATIONAL SCHOOL OF SEOUL<br \/><\/b>(<a href=\"https:\/\/theinternationalschools.com\/south-korea\/wp-content\/uploads\/sites\/25\/2026\/04\/yongsan-international-school-seoul-YISS-academic-calendar-2026-2027-TISG-south-korea.pdf\">2026 &#8211; 2027 Academic Calendar<\/a>)<\/p>\n<p>&nbsp;<\/p>\n<p>[\/et_pb_text][\/et_pb_column][\/et_pb_row][\/et_pb_section]<\/p>\n","protected":false},"excerpt":{"rendered":"<p>Academic Calendars: International Schools In South Korea2026 &#8211; 2027Explore the complete list of Academic Calendars 2026 &#8211; 2027 for international schools in South Korea. Find term dates, school holidays, and key academic schedules to help you plan ahead. Download the full calendar guide below. TOP FEATURED SCHOOLS: NORTH LONDON COLLEGIATE SCHOOL JEJU(2026 &#8211; 2027 Academic [&hellip;]<\/p>\n","protected":false},"author":193,"featured_media":1305,"parent":0,"menu_order":0,"comment_status":"closed","ping_status":"closed","template":"","meta":{"_et_pb_use_builder":"on","_et_pb_old_content":"","_et_gb_content_width":"","footnotes":""},"class_list":["post-1302","page","type-page","status-publish","has-post-thumbnail","hentry"],"acf":[],"yoast_head":"<!-- This site is optimized with the Yoast SEO Premium plugin v21.8 (Yoast SEO v21.8) - https:\/\/yoast.com\/wordpress\/plugins\/seo\/ -->\n<title>Academic Calendars 2026 - 2027 | International Schools [South Korea]<\/title>\n<meta name=\"description\" content=\"Download Academic Calendars 2026 \u2013 2027 for all international schools in South Korea. View term dates, school holidays, &amp; academic timelines.\" \/>\n<meta name=\"robots\" content=\"index, follow, max-snippet:-1, max-image-preview:large, max-video-preview:-1\" \/>\n<link rel=\"canonical\" href=\"https:\/\/theinternationalschools.com\/south-korea\/academic-calendar-2026-2027\/\" \/>\n<meta property=\"og:locale\" content=\"en_US\" \/>\n<meta property=\"og:type\" content=\"article\" \/>\n<meta property=\"og:title\" content=\"Academic Calendar 2026 - 2027\" \/>\n<meta property=\"og:description\" content=\"Download Academic Calendars 2026 \u2013 2027 for all international schools in South Korea. View term dates, school holidays, &amp; academic timelines.\" \/>\n<meta property=\"og:url\" content=\"https:\/\/theinternationalschools.com\/south-korea\/academic-calendar-2026-2027\/\" \/>\n<meta property=\"og:site_name\" content=\"The International School South Korea\" \/>\n<meta property=\"article:modified_time\" content=\"2026-04-29T12:11:00+00:00\" \/>\n<meta property=\"og:image\" content=\"https:\/\/theinternationalschools.com\/south-korea\/wp-content\/uploads\/sites\/25\/2026\/02\/tisg-south-korea-ac-icon-2026-2027.png\" \/>\n\t<meta property=\"og:image:width\" content=\"486\" \/>\n\t<meta property=\"og:image:height\" content=\"484\" \/>\n\t<meta property=\"og:image:type\" content=\"image\/png\" \/>\n<meta name=\"twitter:card\" content=\"summary_large_image\" \/>\n<meta name=\"twitter:label1\" content=\"Est. reading time\" \/>\n\t<meta name=\"twitter:data1\" content=\"2 minutes\" \/>\n<script type=\"application\/ld+json\" class=\"yoast-schema-graph\">{\"@context\":\"https:\/\/schema.org\",\"@graph\":[{\"@type\":\"WebPage\",\"@id\":\"https:\/\/theinternationalschools.com\/south-korea\/academic-calendar-2026-2027\/\",\"url\":\"https:\/\/theinternationalschools.com\/south-korea\/academic-calendar-2026-2027\/\",\"name\":\"Academic Calendars 2026 - 2027 | International Schools [South Korea]\",\"isPartOf\":{\"@id\":\"https:\/\/theinternationalschools.com\/south-korea\/#website\"},\"datePublished\":\"2026-02-09T10:46:27+00:00\",\"dateModified\":\"2026-04-29T12:11:00+00:00\",\"description\":\"Download Academic Calendars 2026 \u2013 2027 for all international schools in South Korea. View term dates, school holidays, & academic timelines.\",\"breadcrumb\":{\"@id\":\"https:\/\/theinternationalschools.com\/south-korea\/academic-calendar-2026-2027\/#breadcrumb\"},\"inLanguage\":\"en-US\",\"potentialAction\":[{\"@type\":\"ReadAction\",\"target\":[\"https:\/\/theinternationalschools.com\/south-korea\/academic-calendar-2026-2027\/\"]}]},{\"@type\":\"BreadcrumbList\",\"@id\":\"https:\/\/theinternationalschools.com\/south-korea\/academic-calendar-2026-2027\/#breadcrumb\",\"itemListElement\":[{\"@type\":\"ListItem\",\"position\":1,\"name\":\"Home\",\"item\":\"https:\/\/theinternationalschools.com\/south-korea\/\"},{\"@type\":\"ListItem\",\"position\":2,\"name\":\"Academic Calendar 2026 &#8211; 2027\"}]},{\"@type\":\"WebSite\",\"@id\":\"https:\/\/theinternationalschools.com\/south-korea\/#website\",\"url\":\"https:\/\/theinternationalschools.com\/south-korea\/\",\"name\":\"The International School South Korea\",\"description\":\"\",\"potentialAction\":[{\"@type\":\"SearchAction\",\"target\":{\"@type\":\"EntryPoint\",\"urlTemplate\":\"https:\/\/theinternationalschools.com\/south-korea\/?s={search_term_string}\"},\"query-input\":\"required name=search_term_string\"}],\"inLanguage\":\"en-US\"}]}<\/script>\n<!-- \/ Yoast SEO Premium plugin. -->","yoast_head_json":{"title":"Academic Calendars 2026 - 2027 | International Schools [South Korea]","description":"Download Academic Calendars 2026 \u2013 2027 for all international schools in South Korea. View term dates, school holidays, & academic timelines.","robots":{"index":"index","follow":"follow","max-snippet":"max-snippet:-1","max-image-preview":"max-image-preview:large","max-video-preview":"max-video-preview:-1"},"canonical":"https:\/\/theinternationalschools.com\/south-korea\/academic-calendar-2026-2027\/","og_locale":"en_US","og_type":"article","og_title":"Academic Calendar 2026 - 2027","og_description":"Download Academic Calendars 2026 \u2013 2027 for all international schools in South Korea. View term dates, school holidays, & academic timelines.","og_url":"https:\/\/theinternationalschools.com\/south-korea\/academic-calendar-2026-2027\/","og_site_name":"The International School South Korea","article_modified_time":"2026-04-29T12:11:00+00:00","og_image":[{"width":486,"height":484,"url":"https:\/\/theinternationalschools.com\/south-korea\/wp-content\/uploads\/sites\/25\/2026\/02\/tisg-south-korea-ac-icon-2026-2027.png","type":"image\/png"}],"twitter_card":"summary_large_image","twitter_misc":{"Est. reading time":"2 minutes"},"schema":{"@context":"https:\/\/schema.org","@graph":[{"@type":"WebPage","@id":"https:\/\/theinternationalschools.com\/south-korea\/academic-calendar-2026-2027\/","url":"https:\/\/theinternationalschools.com\/south-korea\/academic-calendar-2026-2027\/","name":"Academic Calendars 2026 - 2027 | International Schools [South Korea]","isPartOf":{"@id":"https:\/\/theinternationalschools.com\/south-korea\/#website"},"datePublished":"2026-02-09T10:46:27+00:00","dateModified":"2026-04-29T12:11:00+00:00","description":"Download Academic Calendars 2026 \u2013 2027 for all international schools in South Korea. View term dates, school holidays, & academic timelines.","breadcrumb":{"@id":"https:\/\/theinternationalschools.com\/south-korea\/academic-calendar-2026-2027\/#breadcrumb"},"inLanguage":"en-US","potentialAction":[{"@type":"ReadAction","target":["https:\/\/theinternationalschools.com\/south-korea\/academic-calendar-2026-2027\/"]}]},{"@type":"BreadcrumbList","@id":"https:\/\/theinternationalschools.com\/south-korea\/academic-calendar-2026-2027\/#breadcrumb","itemListElement":[{"@type":"ListItem","position":1,"name":"Home","item":"https:\/\/theinternationalschools.com\/south-korea\/"},{"@type":"ListItem","position":2,"name":"Academic Calendar 2026 &#8211; 2027"}]},{"@type":"WebSite","@id":"https:\/\/theinternationalschools.com\/south-korea\/#website","url":"https:\/\/theinternationalschools.com\/south-korea\/","name":"The International School South Korea","description":"","potentialAction":[{"@type":"SearchAction","target":{"@type":"EntryPoint","urlTemplate":"https:\/\/theinternationalschools.com\/south-korea\/?s={search_term_string}"},"query-input":"required name=search_term_string"}],"inLanguage":"en-US"}]}},"_links":{"self":[{"href":"https:\/\/theinternationalschools.com\/south-korea\/wp-json\/wp\/v2\/pages\/1302","targetHints":{"allow":["GET"]}}],"collection":[{"href":"https:\/\/theinternationalschools.com\/south-korea\/wp-json\/wp\/v2\/pages"}],"about":[{"href":"https:\/\/theinternationalschools.com\/south-korea\/wp-json\/wp\/v2\/types\/page"}],"author":[{"embeddable":true,"href":"https:\/\/theinternationalschools.com\/south-korea\/wp-json\/wp\/v2\/users\/193"}],"replies":[{"embeddable":true,"href":"https:\/\/theinternationalschools.com\/south-korea\/wp-json\/wp\/v2\/comments?post=1302"}],"version-history":[{"count":13,"href":"https:\/\/theinternationalschools.com\/south-korea\/wp-json\/wp\/v2\/pages\/1302\/revisions"}],"predecessor-version":[{"id":1525,"href":"https:\/\/theinternationalschools.com\/south-korea\/wp-json\/wp\/v2\/pages\/1302\/revisions\/1525"}],"wp:featuredmedia":[{"embeddable":true,"href":"https:\/\/theinternationalschools.com\/south-korea\/wp-json\/wp\/v2\/media\/1305"}],"wp:attachment":[{"href":"https:\/\/theinternationalschools.com\/south-korea\/wp-json\/wp\/v2\/media?parent=1302"}],"curies":[{"name":"wp","href":"https:\/\/api.w.org\/{rel}","templated":true}]}}