{"id":2178,"date":"2021-10-26T17:17:19","date_gmt":"2021-10-26T17:17:19","guid":{"rendered":"http:\/\/www.theinternationalschools.com\/?page_id=2178"},"modified":"2025-11-05T05:01:40","modified_gmt":"2025-11-05T05:01:40","slug":"locations","status":"publish","type":"page","link":"https:\/\/theinternationalschools.com\/kh\/locations\/","title":{"rendered":"Locations"},"content":{"rendered":"<p>[et_pb_section fb_built=&#8221;1&#8243; _builder_version=&#8221;4.16&#8243; _module_preset=&#8221;default&#8221; background_color=&#8221;#0C71C3&#8243; custom_padding=&#8221;10px||10px||true|false&#8221; global_colors_info=&#8221;{}&#8221;][et_pb_row _builder_version=&#8221;4.16&#8243; _module_preset=&#8221;default&#8221; global_colors_info=&#8221;{}&#8221;][et_pb_column type=&#8221;4_4&#8243; _builder_version=&#8221;4.16&#8243; _module_preset=&#8221;default&#8221; global_colors_info=&#8221;{}&#8221;][et_pb_text _builder_version=&#8221;4.17.3&#8243; _module_preset=&#8221;default&#8221; text_font=&#8221;Nothing You Could Do|700|||||||&#8221; text_text_color=&#8221;#FFFFFF&#8221; text_font_size=&#8221;4vw&#8221; text_line_height=&#8221;1.6em&#8221; text_font_size_tablet=&#8221;7vw&#8221; text_font_size_phone=&#8221;9vw&#8221; text_font_size_last_edited=&#8221;on|tablet&#8221; global_colors_info=&#8221;{}&#8221;]<\/p>\n<p>Locations<\/p>\n<p>[\/et_pb_text][\/et_pb_column][\/et_pb_row][\/et_pb_section][et_pb_section fb_built=&#8221;1&#8243; _builder_version=&#8221;4.17.3&#8243; _module_preset=&#8221;default&#8221; custom_padding=&#8221;0px||0px||false|false&#8221; global_colors_info=&#8221;{}&#8221;][et_pb_row _builder_version=&#8221;4.17.3&#8243; _module_preset=&#8221;default&#8221; width=&#8221;100%&#8221; max_width=&#8221;1920px&#8221; custom_padding=&#8221;0px||0px||false|false&#8221; global_colors_info=&#8221;{}&#8221;][et_pb_column type=&#8221;4_4&#8243; _builder_version=&#8221;4.16&#8243; _module_preset=&#8221;default&#8221; global_colors_info=&#8221;{}&#8221;][et_pb_code _builder_version=&#8221;4.17.3&#8243; _module_preset=&#8221;default&#8221; background_enable_color=&#8221;off&#8221; global_colors_info=&#8221;{}&#8221;]<!-- [et_pb_line_break_holder] -->        <script src=\"https:\/\/maps.googleapis.com\/maps\/api\/js?key=AIzaSyD8Ro34KczkvSOmkvJM98wA6eesdahmRAw\"><\/script>\n<script type=\"text\/javascript\" src=\"https:\/\/theinternationalschools.com\/wp-content\/themes\/TIS\/location.js?ver=1.0.0\" id=\"google-map-js\"><\/script>\n\n<link href=\"https:\/\/cdnjs.cloudflare.com\/ajax\/libs\/selectize.js\/0.13.5\/css\/selectize.bootstrap5.css\" rel=\"stylesheet\" \/>\n<script src=\"https:\/\/cdnjs.cloudflare.com\/ajax\/libs\/selectize.js\/0.13.5\/js\/standalone\/selectize.min.js\" integrity=\"sha512-JFjt3Gb92wFay5Pu6b0UCH9JIOkOGEfjIi7yykNWUwj55DBBp79VIJ9EPUzNimZ6FvX41jlTHpWFUQjog8P\/sw==\" crossorigin=\"anonymous\" referrerpolicy=\"no-referrer\"><\/script>\n<script> jQuery(function($){ $('#selectschool, #select-region').selectize();   });<\/script>\n<style>.dshort { margin-bottom: 15px; display:flex; gap:20px;} .zonefilter{width:30%} .schoolfilter{width:70%;}\n.selectize-input { border-bottom: 1px solid #ced4da!important; border:0px; border-radius: 0!important; }\n@media only screen and (max-width: 600px) { .dshort { flex-wrap:wrap; } .zonefilter{width:100%;} .schoolfilter{width:100%;} }\n<\/style>\n\n        <div class=\"et_pb_row\"> \n        <div class=\"dshort\">\n             <select id=\"selectschool\" class=\"schoolfilter\" onchange=\"selectedMarker(this.value);\" >\n                <option value=\"\">Search by School<\/option>\n               \n                    <option value=\"Australian International School Phnom Penh (AISPP)\">Australian International School Phnom Penh (AISPP)<\/option><option value=\"Bromsgrove International School Cambodia (BISC)\">Bromsgrove International School Cambodia (BISC)<\/option><option value=\"Cambridge International School of Cambodia (CISC)\">Cambridge International School of Cambodia (CISC)<\/option><option value=\"Canadian International School of Phnom Penh (CIS)\">Canadian International School of Phnom Penh (CIS)<\/option><option value=\"CIA FIRST International School\">CIA FIRST International School<\/option><option value=\"East-West International School (EWIS)\">East-West International School (EWIS)<\/option><option value=\"French International School Phnom Penh (EFI)\">French International School Phnom Penh (EFI)<\/option><option value=\"HOPE International School\">HOPE International School<\/option><option value=\"iCAN British International School\">iCAN British International School<\/option><option value=\"International School of Phnom Penh (ISPP)\">International School of Phnom Penh (ISPP)<\/option><option value=\"Invictus International School Phnom Penh\">Invictus International School Phnom Penh<\/option><option value=\"Logos International School\">Logos International School<\/option><option value=\"Lyc\u00e9e Fran\u00e7ais Ren\u00e9 Descartes (LFRD)\">Lyc\u00e9e Fran\u00e7ais Ren\u00e9 Descartes (LFRD)<\/option><option value=\"Northbridge International School Cambodia (NISC)\">Northbridge International School Cambodia (NISC)<\/option><option value=\"Paragon International School\">Paragon International School<\/option><option value=\"Reigate Grammar School Phnom Penh (RGSPP)\">Reigate Grammar School Phnom Penh (RGSPP)<\/option><option value=\"Shrewsbury International School Phnom Penh\">Shrewsbury International School Phnom Penh<\/option><option value=\"Southbridge International School\">Southbridge International School<\/option>                        <\/select>\n            <select id=\"select-region\" class=\"zonefilter\" onchange=\"filterMarker(this.value);\" >\n                <option value=\"\">Sort by Zone<\/option>\n                <option \" value=\"north\" >North<\/option><option \" value=\"south\" >South<\/option><option \" value=\"east\" >East<\/option><option \" value=\"west\" >West<\/option><option \" value=\"central\" >Central<\/option>                   \n                        <\/select>\n                    \n            \t<\/div>\n            \t<div >Type to start searching school or select from list, use backspace to clear selection\t<\/div>\n            \n            \n        <\/div>\n<div class=\"et_pb_row\" style=\"width:100%; max-width:1920px; padding:0;\">\n<div class=\"map-container\"><div class=\"wrap\"><div class=\"acf-map\"> \n<\/div><\/div><\/div>        [\/et_pb_code][\/et_pb_column][\/et_pb_row][\/et_pb_section]<\/p>\n","protected":false},"excerpt":{"rendered":"<p>[et_pb_section fb_built=&#8221;1&#8243; _builder_version=&#8221;4.16&#8243; _module_preset=&#8221;default&#8221; background_color=&#8221;#0C71C3&#8243; custom_padding=&#8221;10px||10px||true|false&#8221; global_colors_info=&#8221;{}&#8221;][et_pb_row _builder_version=&#8221;4.16&#8243; _module_preset=&#8221;default&#8221; global_colors_info=&#8221;{}&#8221;][et_pb_column type=&#8221;4_4&#8243; _builder_version=&#8221;4.16&#8243; _module_preset=&#8221;default&#8221; global_colors_info=&#8221;{}&#8221;][et_pb_text _builder_version=&#8221;4.17.3&#8243; _module_preset=&#8221;default&#8221; text_font=&#8221;Nothing You Could Do|700|||||||&#8221; text_text_color=&#8221;#FFFFFF&#8221; text_font_size=&#8221;4vw&#8221; text_line_height=&#8221;1.6em&#8221; text_font_size_tablet=&#8221;7vw&#8221; text_font_size_phone=&#8221;9vw&#8221; text_font_size_last_edited=&#8221;on|tablet&#8221; global_colors_info=&#8221;{}&#8221;] Locations [\/et_pb_text][\/et_pb_column][\/et_pb_row][\/et_pb_section][et_pb_section fb_built=&#8221;1&#8243; _builder_version=&#8221;4.17.3&#8243; _module_preset=&#8221;default&#8221; custom_padding=&#8221;0px||0px||false|false&#8221; global_colors_info=&#8221;{}&#8221;][et_pb_row _builder_version=&#8221;4.17.3&#8243; _module_preset=&#8221;default&#8221; width=&#8221;100%&#8221; max_width=&#8221;1920px&#8221; custom_padding=&#8221;0px||0px||false|false&#8221; global_colors_info=&#8221;{}&#8221;][et_pb_column type=&#8221;4_4&#8243; _builder_version=&#8221;4.16&#8243; _module_preset=&#8221;default&#8221; global_colors_info=&#8221;{}&#8221;][et_pb_code _builder_version=&#8221;4.17.3&#8243; _module_preset=&#8221;default&#8221; background_enable_color=&#8221;off&#8221; global_colors_info=&#8221;{}&#8221;][\/et_pb_code][\/et_pb_column][\/et_pb_row][\/et_pb_section]<\/p>\n","protected":false},"author":283,"featured_media":7242,"parent":0,"menu_order":0,"comment_status":"closed","ping_status":"closed","template":"","meta":{"_et_pb_use_builder":"on","_et_pb_old_content":"","_et_gb_content_width":"","footnotes":""},"class_list":["post-2178","page","type-page","status-publish","has-post-thumbnail","hentry"],"acf":[],"yoast_head":"<!-- This site is optimized with the Yoast SEO Premium plugin v21.8 (Yoast SEO v21.8) - https:\/\/yoast.com\/wordpress\/plugins\/seo\/ -->\n<title>Find All International Schools in Cambodia| 2025 Guide | Locations<\/title>\n<meta name=\"description\" content=\"Find all international schools in Cambodia. Compare fees, curricula, locations &amp; book school tours direct. The all in one easy-to-use directory.\" \/>\n<meta name=\"robots\" content=\"index, follow, max-snippet:-1, max-image-preview:large, max-video-preview:-1\" \/>\n<link rel=\"canonical\" href=\"https:\/\/theinternationalschools.com\/kh\/locations\/\" \/>\n<meta property=\"og:locale\" content=\"en_US\" \/>\n<meta property=\"og:type\" content=\"article\" \/>\n<meta property=\"og:title\" content=\"Locations\" \/>\n<meta property=\"og:description\" content=\"Find all international schools in Cambodia. Compare fees, curricula, locations &amp; book school tours direct. The all in one easy-to-use directory.\" \/>\n<meta property=\"og:url\" content=\"https:\/\/theinternationalschools.com\/kh\/locations\/\" \/>\n<meta property=\"og:site_name\" content=\"The International Schools Cambodia\" \/>\n<meta property=\"article:modified_time\" content=\"2025-11-05T05:01:40+00:00\" \/>\n<meta name=\"twitter:card\" content=\"summary_large_image\" \/>\n<meta name=\"twitter:label1\" content=\"Est. reading time\" \/>\n\t<meta name=\"twitter:data1\" content=\"1 minute\" \/>\n<script type=\"application\/ld+json\" class=\"yoast-schema-graph\">{\"@context\":\"https:\/\/schema.org\",\"@graph\":[{\"@type\":\"WebPage\",\"@id\":\"https:\/\/theinternationalschools.com\/kh\/locations\/\",\"url\":\"https:\/\/theinternationalschools.com\/kh\/locations\/\",\"name\":\"Find All International Schools in Cambodia| 2025 Guide | Locations\",\"isPartOf\":{\"@id\":\"https:\/\/theinternationalschools.com\/kh\/#website\"},\"datePublished\":\"2021-10-26T17:17:19+00:00\",\"dateModified\":\"2025-11-05T05:01:40+00:00\",\"description\":\"Find all international schools in Cambodia. Compare fees, curricula, locations & book school tours direct. The all in one easy-to-use directory.\",\"breadcrumb\":{\"@id\":\"https:\/\/theinternationalschools.com\/kh\/locations\/#breadcrumb\"},\"inLanguage\":\"en-US\",\"potentialAction\":[{\"@type\":\"ReadAction\",\"target\":[\"https:\/\/theinternationalschools.com\/kh\/locations\/\"]}]},{\"@type\":\"BreadcrumbList\",\"@id\":\"https:\/\/theinternationalschools.com\/kh\/locations\/#breadcrumb\",\"itemListElement\":[{\"@type\":\"ListItem\",\"position\":1,\"name\":\"Home\",\"item\":\"https:\/\/theinternationalschools.com\/kh\/\"},{\"@type\":\"ListItem\",\"position\":2,\"name\":\"Locations\"}]},{\"@type\":\"WebSite\",\"@id\":\"https:\/\/theinternationalschools.com\/kh\/#website\",\"url\":\"https:\/\/theinternationalschools.com\/kh\/\",\"name\":\"The International Schools Cambodia\",\"description\":\"\",\"potentialAction\":[{\"@type\":\"SearchAction\",\"target\":{\"@type\":\"EntryPoint\",\"urlTemplate\":\"https:\/\/theinternationalschools.com\/kh\/?s={search_term_string}\"},\"query-input\":\"required name=search_term_string\"}],\"inLanguage\":\"en-US\"}]}<\/script>\n<!-- \/ Yoast SEO Premium plugin. -->","yoast_head_json":{"title":"Find All International Schools in Cambodia| 2025 Guide | Locations","description":"Find all international schools in Cambodia. Compare fees, curricula, locations & book school tours direct. The all in one easy-to-use directory.","robots":{"index":"index","follow":"follow","max-snippet":"max-snippet:-1","max-image-preview":"max-image-preview:large","max-video-preview":"max-video-preview:-1"},"canonical":"https:\/\/theinternationalschools.com\/kh\/locations\/","og_locale":"en_US","og_type":"article","og_title":"Locations","og_description":"Find all international schools in Cambodia. Compare fees, curricula, locations & book school tours direct. The all in one easy-to-use directory.","og_url":"https:\/\/theinternationalschools.com\/kh\/locations\/","og_site_name":"The International Schools Cambodia","article_modified_time":"2025-11-05T05:01:40+00:00","twitter_card":"summary_large_image","twitter_misc":{"Est. reading time":"1 minute"},"schema":{"@context":"https:\/\/schema.org","@graph":[{"@type":"WebPage","@id":"https:\/\/theinternationalschools.com\/kh\/locations\/","url":"https:\/\/theinternationalschools.com\/kh\/locations\/","name":"Find All International Schools in Cambodia| 2025 Guide | Locations","isPartOf":{"@id":"https:\/\/theinternationalschools.com\/kh\/#website"},"datePublished":"2021-10-26T17:17:19+00:00","dateModified":"2025-11-05T05:01:40+00:00","description":"Find all international schools in Cambodia. Compare fees, curricula, locations & book school tours direct. The all in one easy-to-use directory.","breadcrumb":{"@id":"https:\/\/theinternationalschools.com\/kh\/locations\/#breadcrumb"},"inLanguage":"en-US","potentialAction":[{"@type":"ReadAction","target":["https:\/\/theinternationalschools.com\/kh\/locations\/"]}]},{"@type":"BreadcrumbList","@id":"https:\/\/theinternationalschools.com\/kh\/locations\/#breadcrumb","itemListElement":[{"@type":"ListItem","position":1,"name":"Home","item":"https:\/\/theinternationalschools.com\/kh\/"},{"@type":"ListItem","position":2,"name":"Locations"}]},{"@type":"WebSite","@id":"https:\/\/theinternationalschools.com\/kh\/#website","url":"https:\/\/theinternationalschools.com\/kh\/","name":"The International Schools Cambodia","description":"","potentialAction":[{"@type":"SearchAction","target":{"@type":"EntryPoint","urlTemplate":"https:\/\/theinternationalschools.com\/kh\/?s={search_term_string}"},"query-input":"required name=search_term_string"}],"inLanguage":"en-US"}]}},"_links":{"self":[{"href":"https:\/\/theinternationalschools.com\/kh\/wp-json\/wp\/v2\/pages\/2178","targetHints":{"allow":["GET"]}}],"collection":[{"href":"https:\/\/theinternationalschools.com\/kh\/wp-json\/wp\/v2\/pages"}],"about":[{"href":"https:\/\/theinternationalschools.com\/kh\/wp-json\/wp\/v2\/types\/page"}],"author":[{"embeddable":true,"href":"https:\/\/theinternationalschools.com\/kh\/wp-json\/wp\/v2\/users\/283"}],"replies":[{"embeddable":true,"href":"https:\/\/theinternationalschools.com\/kh\/wp-json\/wp\/v2\/comments?post=2178"}],"version-history":[{"count":1,"href":"https:\/\/theinternationalschools.com\/kh\/wp-json\/wp\/v2\/pages\/2178\/revisions"}],"predecessor-version":[{"id":8194,"href":"https:\/\/theinternationalschools.com\/kh\/wp-json\/wp\/v2\/pages\/2178\/revisions\/8194"}],"wp:featuredmedia":[{"embeddable":true,"href":"https:\/\/theinternationalschools.com\/kh\/wp-json\/"}],"wp:attachment":[{"href":"https:\/\/theinternationalschools.com\/kh\/wp-json\/wp\/v2\/media?parent=2178"}],"curies":[{"name":"wp","href":"https:\/\/api.w.org\/{rel}","templated":true}]}}